{"id":634,"date":"2019-03-22T13:32:45","date_gmt":"2019-03-22T11:32:45","guid":{"rendered":"http:\/\/www.bee-happy.net\/miel\/?page_id=634"},"modified":"2025-04-09T00:21:44","modified_gmt":"2025-04-08T22:21:44","slug":"credits","status":"publish","type":"page","link":"https:\/\/www.bee-happy.net\/miel\/credits\/","title":{"rendered":"Cr\u00e9dits"},"content":{"rendered":"\n<h2 class=\"wp-block-heading\" id=\"credits-bee-happy-net\">\ud83d\udc1d Cr\u00e9dits \u2013 Bee-Happy.net<\/h2>\n\n\n\n<p>Bienvenue sur <strong>Bee-Happy.net<\/strong> ! Ce site est en ligne depuis 2019, il a \u00e9t\u00e9 con\u00e7u avec amour pour sensibiliser \u00e0 la protection des abeilles, \u00e0 l\u2019\u00e9cologie, et \u00e0 la biodiversit\u00e9. Et vous faire d\u00e9couvrir les bonnes choses que Sandrine pr\u00e9pare pour vous avec ses copines. Voici les personnes et les ressources qui ont rendu ce projet possible.<\/p>\n\n\n\n<hr class=\"wp-block-separator has-alpha-channel-opacity\"\/>\n\n\n\n<div class=\"wp-block-greenshift-blocks-image gspb_image gspb_image-id-gsbp-28690ce\" id=\"gspb_image-id-gsbp-28690ce\"><img decoding=\"async\" src=\"https:\/\/www.bee-happy.net\/miel\/wp-content\/uploads\/2025\/04\/TGP_Abeille.png\" data-src=\"\" alt=\"\" loading=\"lazy\" width=\"1024\" height=\"1024\"\/><\/div>\n\n\n\n<h3 class=\"wp-block-heading\" id=\"equipe-du-projet\">\ud83d\udc65 \u00c9quipe du projet<\/h3>\n\n\n\n<p><strong>Conception et d\u00e9veloppement<\/strong><\/p>\n\n\n\n<ul class=\"wp-block-list\">\n<li>Alexandre <\/li>\n<\/ul>\n\n\n\n<p><strong>Design graphique<\/strong><\/p>\n\n\n\n<ul class=\"wp-block-list\">\n<li>Alexandre <\/li>\n\n\n\n<li>Inspirations naturelles &amp; palettes inspir\u00e9es du miel et de la ruche \ud83e\udde1<\/li>\n<\/ul>\n\n\n\n<p><strong>R\u00e9daction des contenus<\/strong><\/p>\n\n\n\n<ul class=\"wp-block-list\">\n<li>Alexandre <\/li>\n\n\n\n<li>Contributions \u00e9ditoriales, recherches et vulgarisation scientifique<\/li>\n<\/ul>\n\n\n\n<p><strong>Photographies &amp; illustrations<\/strong><\/p>\n\n\n\n<ul class=\"wp-block-list\">\n<li>Images issues de banques libres de droits :\n<ul class=\"wp-block-list\">\n<li> <a href=\"https:\/\/www.j-aime-les-abeilles.fr\/\" data-type=\"link\" data-id=\"https:\/\/www.j-aime-les-abeilles.fr\/\">Eric Tourneret <\/a><\/li>\n\n\n\n<li> \u00c9colieu Jeannot <\/li>\n\n\n\n<li>Sandrine Lefevre<\/li>\n\n\n\n<li>Alexandre Cabrit <\/li>\n<\/ul>\n<\/li>\n\n\n\n<li>Images issues de banques libres de droits :\n<ul class=\"wp-block-list\">\n<li><a class=\"\" href=\"https:\/\/unsplash.com\">Unsplash<\/a><\/li>\n\n\n\n<li><a class=\"\" href=\"https:\/\/pexels.com\">Pexels<\/a><\/li>\n\n\n\n<li>Illustrations : <a href=\"https:\/\/chatgpt.com\/\" data-type=\"link\" data-id=\"https:\/\/chatgpt.com\/\">OpenAI4<\/a><\/li>\n<\/ul>\n<\/li>\n<\/ul>\n\n\n\n<p><strong>Traduction &amp; accessibilit\u00e9<\/strong><\/p>\n\n\n\n<ul class=\"wp-block-list\">\n<li>On cherche <\/li>\n\n\n\n<li>Objectif : rendre Bee-Happy accessible \u00e0 tous \ud83d\udc1d<\/li>\n<\/ul>\n\n\n\n<hr class=\"wp-block-separator has-alpha-channel-opacity\"\/>\n\n\n\n<h3 class=\"wp-block-heading\" id=\"technologies-et-outils-utilises\">\ud83d\udee0\ufe0f Technologies et outils utilis\u00e9s<\/h3>\n\n\n\n<ul class=\"wp-block-list\">\n<li><strong>Frontend<\/strong> : HTML5, CSS3, JavaScript<\/li>\n\n\n\n<li><strong>Framework<\/strong> : [BlockPress\/GreenShift]<\/li>\n\n\n\n<li><strong>CMS \/ Backend<\/strong> : [WordPress ]<\/li>\n\n\n\n<li><strong>H\u00e9bergement<\/strong> : [Dreamhost]<\/li>\n<\/ul>\n\n\n\n<hr class=\"wp-block-separator has-alpha-channel-opacity\"\/>\n\n\n\n<div class=\"wp-block-greenshift-blocks-image gspb_image gspb_image-id-gsbp-fefc668\" id=\"gspb_image-id-gsbp-fefc668\"><img decoding=\"async\" src=\"https:\/\/www.bee-happy.net\/miel\/wp-content\/uploads\/2023\/08\/abeille_jap23-1.png\" data-src=\"\" alt=\"\" loading=\"lazy\" width=\"1024\" height=\"1024\"\/><\/div>\n\n\n\n<h3 class=\"wp-block-heading\" id=\"remerciements-speciaux\">\ud83d\udc9b Remerciements sp\u00e9ciaux<\/h3>\n\n\n\n<p>Un immense merci \u00e0 toutes les associations, apiculteurs, scientifiques et b\u00e9n\u00e9voles qui \u0153uvrent chaque jour pour la protection des abeilles et de la biodiversit\u00e9.<\/p>\n\n\n\n<hr class=\"wp-block-separator has-alpha-channel-opacity\"\/>\n\n\n\n<h3 class=\"wp-block-heading\" id=\"mentions-legales-droits\">\ud83d\udcdc Mentions l\u00e9gales &amp; droits<\/h3>\n\n\n\n<p>Tout le contenu de ce site est prot\u00e9g\u00e9 par les lois sur la propri\u00e9t\u00e9 intellectuelle.<br>Sauf mention contraire, les textes et images appartiennent \u00e0 leurs auteurs respectifs. Si vous pensez devoir figurer ici, et que vous avez \u00e9t\u00e9 malheureusement oubli\u00e9, veuillez envoyer un message.<\/p>\n\n\n\n<p>\ud83d\udc1d Pour toute question, demande de partenariat ou contribution : [<a class=\"\">contact@bee-happy.net<\/a>]<\/p>\n\n\n\n<p>Bonne lecture \u00e0 tous.<\/p>\n","protected":false},"excerpt":{"rendered":"<p>\ud83d\udc1d Cr\u00e9dits \u2013 Bee-Happy.net Bienvenue sur Bee-Happy.net ! Ce site est en ligne depuis 2019, il a \u00e9t\u00e9 con\u00e7u avec amour pour sensibiliser \u00e0 la protection des abeilles, \u00e0 l\u2019\u00e9cologie, et \u00e0 la biodiversit\u00e9. Et vous faire d\u00e9couvrir les bonnes choses que Sandrine pr\u00e9pare pour vous avec ses copines. Voici les personnes et les ressources [&hellip;]<\/p>\n","protected":false},"author":2,"featured_media":0,"parent":0,"menu_order":0,"comment_status":"closed","ping_status":"closed","template":"","meta":{"_gspb_post_css":"#gspb_image-id-gsbp-28690ce img,#gspb_image-id-gsbp-fefc668 img{vertical-align:top;display:inline-block;box-sizing:border-box;max-width:100%;height:auto}","footnotes":""},"class_list":["post-634","page","type-page","status-publish","hentry"],"_links":{"self":[{"href":"https:\/\/www.bee-happy.net\/miel\/wp-json\/wp\/v2\/pages\/634","targetHints":{"allow":["GET"]}}],"collection":[{"href":"https:\/\/www.bee-happy.net\/miel\/wp-json\/wp\/v2\/pages"}],"about":[{"href":"https:\/\/www.bee-happy.net\/miel\/wp-json\/wp\/v2\/types\/page"}],"author":[{"embeddable":true,"href":"https:\/\/www.bee-happy.net\/miel\/wp-json\/wp\/v2\/users\/2"}],"replies":[{"embeddable":true,"href":"https:\/\/www.bee-happy.net\/miel\/wp-json\/wp\/v2\/comments?post=634"}],"version-history":[{"count":3,"href":"https:\/\/www.bee-happy.net\/miel\/wp-json\/wp\/v2\/pages\/634\/revisions"}],"predecessor-version":[{"id":2529,"href":"https:\/\/www.bee-happy.net\/miel\/wp-json\/wp\/v2\/pages\/634\/revisions\/2529"}],"wp:attachment":[{"href":"https:\/\/www.bee-happy.net\/miel\/wp-json\/wp\/v2\/media?parent=634"}],"curies":[{"name":"wp","href":"https:\/\/api.w.org\/{rel}","templated":true}]}}