{"id":2348,"date":"2025-04-04T13:28:44","date_gmt":"2025-04-04T11:28:44","guid":{"rendered":"https:\/\/www.bee-happy.net\/miel\/?post_type=product&#038;p=2348"},"modified":"2026-04-03T17:48:42","modified_gmt":"2026-04-03T15:48:42","slug":"propolis","status":"publish","type":"product","link":"https:\/\/www.bee-happy.net\/miel\/produit\/propolis\/","title":{"rendered":"Propolis"},"content":{"rendered":"<h2>Teinture de m\u00e8re de Propolis.<\/h2>\n<p>Mac\u00e9ration de propolis brute au ratio de 300g de mati\u00e8re s\u00e8che par litre d&rsquo;alcool \u00e0 80\u00b0 %vol.<\/p>\n<p>La propolis offre des caract\u00e9ristiques exceptionnelles gr\u00e2ce \u00e0 de tr\u00e8s nombreux composants actifs sur le corps humain.<\/p>\n<p>La propolis brun-rouge est r\u00e9colt\u00e9e \u00e0 la main sur les cadres et le corps des ruches au moments opportuns.<\/p>\n<p>Elle est ensuite d\u00e9barrass\u00e9e des corps \u00e9trangers puis mise en mac\u00e9ration en bonbonne de verre de 20 litres pour un minimum de six semaines.<\/p>\n<p>Elle est enfin filtr\u00e9e grossi\u00e8rement pour \u00e9liminer les grosses particules. C&rsquo;est pourquoi il est possible qu&rsquo;un d\u00e9p\u00f4t se forme au fond du flacon. Il convient donc de bien agiter le flacon avant chaque usage.<\/p>\n<p>ASTUCE : Pour d\u00e9boucher une pipette coll\u00e9, plongez l\u00e0 30 secondes dans une tasse d&rsquo;eau chaude et actionnez la pompe. Vous pouvez aussi vous aider d&rsquo;une aiguille fine de couture pour favoriser l&rsquo;\u00e9coulement puis renouvelez l&rsquo;op\u00e9ration.<\/p>\n<p>La propolis est conditionn\u00e9e dans des flacons en verre ambr\u00e9 qui limite la propagation des UV dans le liquide. Il est fortement recommand\u00e9 de conserver la propolis \u00e0 l&rsquo;abri des rayons directs du soleil et dans un endroit temp\u00e9r\u00e9. La conservation peut durer plusieurs ann\u00e9e sans risque de d\u00e9gradation trop importante du produit.<\/p>\n<p>&nbsp;<\/p>\n","protected":false},"excerpt":{"rendered":"<h3>Mac\u00e9ration de propolis brut.<\/h3>\n<p>Pour en savoir plus sur la propolis, reportez-vous aux pages du site suivantes :<\/p>\n<ul>\n<li><a href=\"https:\/\/www.bee-happy.net\/miel\/la-teinture-mere-de-propolis\/\">La teinture m\u00e8re de propolis<\/a><\/li>\n<li><a href=\"https:\/\/www.bee-happy.net\/miel\/preparation-de-la-propolis\/\">Pr\u00e9paration de la propolis<\/a><\/li>\n<li><\/li>\n<\/ul>\n","protected":false},"featured_media":2401,"comment_status":"closed","ping_status":"closed","template":"","meta":{"_gspb_post_css":""},"product_brand":[],"product_cat":[144],"product_tag":[146,145],"class_list":{"0":"post-2348","1":"product","2":"type-product","3":"status-publish","4":"has-post-thumbnail","6":"product_cat-propolis","7":"product_tag-apitherapie","8":"product_tag-propolis","10":"first","11":"instock","12":"taxable","13":"shipping-taxable","14":"purchasable","15":"product-type-variable"},"_links":{"self":[{"href":"https:\/\/www.bee-happy.net\/miel\/wp-json\/wp\/v2\/product\/2348","targetHints":{"allow":["GET"]}}],"collection":[{"href":"https:\/\/www.bee-happy.net\/miel\/wp-json\/wp\/v2\/product"}],"about":[{"href":"https:\/\/www.bee-happy.net\/miel\/wp-json\/wp\/v2\/types\/product"}],"replies":[{"embeddable":true,"href":"https:\/\/www.bee-happy.net\/miel\/wp-json\/wp\/v2\/comments?post=2348"}],"wp:featuredmedia":[{"embeddable":true,"href":"https:\/\/www.bee-happy.net\/miel\/wp-json\/wp\/v2\/media\/2401"}],"wp:attachment":[{"href":"https:\/\/www.bee-happy.net\/miel\/wp-json\/wp\/v2\/media?parent=2348"}],"wp:term":[{"taxonomy":"product_brand","embeddable":true,"href":"https:\/\/www.bee-happy.net\/miel\/wp-json\/wp\/v2\/product_brand?post=2348"},{"taxonomy":"product_cat","embeddable":true,"href":"https:\/\/www.bee-happy.net\/miel\/wp-json\/wp\/v2\/product_cat?post=2348"},{"taxonomy":"product_tag","embeddable":true,"href":"https:\/\/www.bee-happy.net\/miel\/wp-json\/wp\/v2\/product_tag?post=2348"}],"curies":[{"name":"wp","href":"https:\/\/api.w.org\/{rel}","templated":true}]}}