{"id":2407,"date":"2025-04-04T16:33:46","date_gmt":"2025-04-04T14:33:46","guid":{"rendered":"https:\/\/www.bee-happy.net\/miel\/?post_type=product&#038;p=2407"},"modified":"2026-04-03T17:48:25","modified_gmt":"2026-04-03T15:48:25","slug":"miel-de-dune","status":"publish","type":"product","link":"https:\/\/www.bee-happy.net\/miel\/produit\/miel-de-dune\/","title":{"rendered":"Miel de Dune"},"content":{"rendered":"<h3>Miel \u00e9labor\u00e9 \u00e0 partir des nectars des plantes sauvages pr\u00e9sentes sur le cordon dunaire du littoral atlantique des Landes de Gascogne.<\/h3>\n","protected":false},"excerpt":{"rendered":"<h3>Miel de Dune. Go\u00fbtez \u00e0 une saveur unique. <a href=\"https:\/\/www.bee-happy.net\/miel\/miel-de-dune\/\">Miel \u00e0 base de nectars de fleurs d&rsquo;immortelles poussant sur les dunes.<\/a><\/h3>\n","protected":false},"featured_media":2410,"comment_status":"closed","ping_status":"closed","template":"","meta":{"_gspb_post_css":""},"product_brand":[],"product_cat":[147],"product_tag":[148,149],"class_list":{"0":"post-2407","1":"product","2":"type-product","3":"status-publish","4":"has-post-thumbnail","6":"product_cat-miels","7":"product_tag-dune","8":"product_tag-helichryse","9":"pa_potmiel-250g","10":"pa_potmiel-500g","12":"first","13":"outofstock","14":"taxable","15":"shipping-taxable","16":"purchasable","17":"product-type-variable"},"_links":{"self":[{"href":"https:\/\/www.bee-happy.net\/miel\/wp-json\/wp\/v2\/product\/2407","targetHints":{"allow":["GET"]}}],"collection":[{"href":"https:\/\/www.bee-happy.net\/miel\/wp-json\/wp\/v2\/product"}],"about":[{"href":"https:\/\/www.bee-happy.net\/miel\/wp-json\/wp\/v2\/types\/product"}],"replies":[{"embeddable":true,"href":"https:\/\/www.bee-happy.net\/miel\/wp-json\/wp\/v2\/comments?post=2407"}],"wp:featuredmedia":[{"embeddable":true,"href":"https:\/\/www.bee-happy.net\/miel\/wp-json\/wp\/v2\/media\/2410"}],"wp:attachment":[{"href":"https:\/\/www.bee-happy.net\/miel\/wp-json\/wp\/v2\/media?parent=2407"}],"wp:term":[{"taxonomy":"product_brand","embeddable":true,"href":"https:\/\/www.bee-happy.net\/miel\/wp-json\/wp\/v2\/product_brand?post=2407"},{"taxonomy":"product_cat","embeddable":true,"href":"https:\/\/www.bee-happy.net\/miel\/wp-json\/wp\/v2\/product_cat?post=2407"},{"taxonomy":"product_tag","embeddable":true,"href":"https:\/\/www.bee-happy.net\/miel\/wp-json\/wp\/v2\/product_tag?post=2407"}],"curies":[{"name":"wp","href":"https:\/\/api.w.org\/{rel}","templated":true}]}}