{"id":2421,"date":"2025-04-04T22:53:47","date_gmt":"2025-04-04T20:53:47","guid":{"rendered":"https:\/\/www.bee-happy.net\/miel\/?post_type=product&#038;p=2421"},"modified":"2025-05-02T20:33:42","modified_gmt":"2025-05-02T18:33:42","slug":"encaustique","status":"publish","type":"product","link":"https:\/\/www.bee-happy.net\/miel\/produit\/encaustique\/","title":{"rendered":"Encaustique"},"content":{"rendered":"<h2>L&rsquo;encaustique est vendue en barquette de 250g et 1kg.<\/h2>\n<h2>D\u00e9poser un peu de p\u00e2te d&rsquo;encaustique sur un chiffon et frotter la pi\u00e8ce de bois avec.<\/h2>\n<h2>Cette encaustique peut se conserver plusieurs mois \u00e0 l&rsquo;abri de l&rsquo;air.<\/h2>\n","protected":false},"excerpt":{"rendered":"<h2>Pr\u00e9paration \u00e0 base de la <a href=\"https:\/\/www.bee-happy.net\/miel\/la-cire\/\">cire r\u00e9colt\u00e9e sur nos ruches<\/a>, d&rsquo;huile de lin et d&rsquo;essence de t\u00e9r\u00e9benthine qu&rsquo;on utilise pour entretenir et faire briller les meubles et parquets.<\/h2>\n","protected":false},"featured_media":2443,"comment_status":"closed","ping_status":"closed","template":"","meta":{"_gspb_post_css":""},"product_brand":[],"product_cat":[156],"product_tag":[158,157,159],"class_list":{"0":"post-2421","1":"product","2":"type-product","3":"status-publish","4":"has-post-thumbnail","6":"product_cat-cire","7":"product_tag-bois","8":"product_tag-cire","9":"product_tag-encaustique","11":"first","12":"instock","13":"taxable","14":"shipping-taxable","15":"purchasable","16":"product-type-variable","17":"has-default-attributes"},"_links":{"self":[{"href":"https:\/\/www.bee-happy.net\/miel\/wp-json\/wp\/v2\/product\/2421","targetHints":{"allow":["GET"]}}],"collection":[{"href":"https:\/\/www.bee-happy.net\/miel\/wp-json\/wp\/v2\/product"}],"about":[{"href":"https:\/\/www.bee-happy.net\/miel\/wp-json\/wp\/v2\/types\/product"}],"replies":[{"embeddable":true,"href":"https:\/\/www.bee-happy.net\/miel\/wp-json\/wp\/v2\/comments?post=2421"}],"wp:featuredmedia":[{"embeddable":true,"href":"https:\/\/www.bee-happy.net\/miel\/wp-json\/wp\/v2\/media\/2443"}],"wp:attachment":[{"href":"https:\/\/www.bee-happy.net\/miel\/wp-json\/wp\/v2\/media?parent=2421"}],"wp:term":[{"taxonomy":"product_brand","embeddable":true,"href":"https:\/\/www.bee-happy.net\/miel\/wp-json\/wp\/v2\/product_brand?post=2421"},{"taxonomy":"product_cat","embeddable":true,"href":"https:\/\/www.bee-happy.net\/miel\/wp-json\/wp\/v2\/product_cat?post=2421"},{"taxonomy":"product_tag","embeddable":true,"href":"https:\/\/www.bee-happy.net\/miel\/wp-json\/wp\/v2\/product_tag?post=2421"}],"curies":[{"name":"wp","href":"https:\/\/api.w.org\/{rel}","templated":true}]}}