{"id":2885,"date":"2025-05-14T10:43:37","date_gmt":"2025-05-14T08:43:37","guid":{"rendered":"https:\/\/www.bee-happy.net\/miel\/?post_type=product&#038;p=2885"},"modified":"2025-05-14T12:54:28","modified_gmt":"2025-05-14T10:54:28","slug":"miel-cbd-fleurs-de-chanvre","status":"publish","type":"product","link":"https:\/\/www.bee-happy.net\/miel\/produit\/miel-cbd-fleurs-de-chanvre\/","title":{"rendered":"Miel &#038; CBD"},"content":{"rendered":"<h1 class=\"ng-star-inserted\"><span class=\"ng-star-inserted\"> \u00a0Douce Harmonie : Miel des Landes &amp; Fleurs de CBD Bio<\/span><\/h1>\n<p class=\"ng-star-inserted\"><span class=\"ng-star-inserted\">Chez Bee Happy, nous sommes toujours \u00e0 la recherche de ce que la nature a de meilleur \u00e0 offrir. Avec l&rsquo;\u00e9volution de la r\u00e9glementation, nous sommes fiers de vous pr\u00e9senter notre cr\u00e9ation innovante : <\/span><strong class=\"ng-star-inserted\"><span class=\"ng-star-inserted\">Douce Harmonie : Miel des Landes &amp; Fleurs de CBD <\/span><\/strong><span class=\"ng-star-inserted\">.<\/span><\/p>\n<p class=\"ng-star-inserted\"><span class=\"ng-star-inserted\">Cette pr\u00e9paration unique marie la douceur enveloppante de notre miel polyfloral, r\u00e9colt\u00e9 avec soin par Sandrine dans les paysages pr\u00e9serv\u00e9s des Landes, aux vertus reconnues des fleurs de Chanvre (Cannabis Sativa L.) biologique, naturellement riches en Cannabidiol (CBD). Le CBD est un compos\u00e9<strong> non-psychotrope<\/strong> du chanvre, appr\u00e9ci\u00e9 pour ses potentiels effets relaxants et apaisants.<\/span><\/p>\n<p class=\"ng-star-inserted\"><strong class=\"ng-star-inserted\"><span class=\"ng-star-inserted\">Pourquoi choisir notre Miel au CBD ?<\/span><\/strong><\/p>\n<ul class=\"ng-star-inserted\">\n<li class=\"ng-star-inserted\">\n<p class=\"ng-star-inserted\"><strong class=\"ng-star-inserted\"><span class=\"ng-star-inserted\">Synergie Naturelle :<\/span><\/strong><span class=\"ng-star-inserted\">\u00a0Profitez des bienfaits combin\u00e9s du miel, tr\u00e9sor de la ruche, et du CBD, qui interagit avec le syst\u00e8me <strong>,\u00a0<\/strong> de votre corps, contribuant \u00e0 l&rsquo;\u00e9quilibre g\u00e9n\u00e9ral.<\/span><\/p>\n<\/li>\n<li class=\"ng-star-inserted\">\n<p class=\"ng-star-inserted\"><strong class=\"ng-star-inserted\"><span class=\"ng-star-inserted\">Saveur Exquise :<\/span><\/strong><span class=\"ng-star-inserted\">\u00a0Notre miel de qualit\u00e9 sup\u00e9rieure adoucit le go\u00fbt parfois terreux du chanvre, transformant votre prise de CBD en un v\u00e9ritable moment de plaisir gourmand.<\/span><\/p>\n<\/li>\n<li class=\"ng-star-inserted\">\n<p class=\"ng-star-inserted\"><strong class=\"ng-star-inserted\"><span class=\"ng-star-inserted\">Bien-\u00catre au Quotidien :<\/span><\/strong><span class=\"ng-star-inserted\">\u00a0Id\u00e9al pour vous aider \u00e0 :<\/span><\/p>\n<ul class=\"ng-star-inserted\">\n<li class=\"ng-star-inserted\">\n<p class=\"ng-star-inserted\"><span class=\"ng-star-inserted\">Favoriser la\u00a0<\/span><strong class=\"ng-star-inserted\"><span class=\"ng-star-inserted\">d\u00e9tente<\/span><\/strong><span class=\"ng-star-inserted\">\u00a0et la\u00a0<\/span><strong class=\"ng-star-inserted\"><span class=\"ng-star-inserted\">relaxation<\/span><\/strong><span class=\"ng-star-inserted\">.<\/span><\/p>\n<\/li>\n<li class=\"ng-star-inserted\">\n<p class=\"ng-star-inserted\"><span class=\"ng-star-inserted\">Mieux g\u00e9rer les p\u00e9riodes de\u00a0<\/span><strong class=\"ng-star-inserted\"><span class=\"ng-star-inserted\">stress<\/span><\/strong><span class=\"ng-star-inserted\">\u00a0ou d&rsquo;<\/span><strong class=\"ng-star-inserted\"><span class=\"ng-star-inserted\">anxi\u00e9t\u00e9 passag\u00e8re<\/span><\/strong><span class=\"ng-star-inserted\">.<\/span><\/p>\n<\/li>\n<li class=\"ng-star-inserted\">\n<p class=\"ng-star-inserted\"><span class=\"ng-star-inserted\">Contribuer \u00e0 une meilleure\u00a0<\/span><strong class=\"ng-star-inserted\"><span class=\"ng-star-inserted\">qualit\u00e9 de sommeil<\/span><\/strong><span class=\"ng-star-inserted\">.<\/span><\/p>\n<\/li>\n<\/ul>\n<\/li>\n<li class=\"ng-star-inserted\">\n<p class=\"ng-star-inserted\"><strong class=\"ng-star-inserted\"><span class=\"ng-star-inserted\">Qualit\u00e9 et Tra\u00e7abilit\u00e9 :<\/span><\/strong><span class=\"ng-star-inserted\">\u00a0Nous utilisons des fleurs de chanvre biologique, cultiv\u00e9es dans le respect de l&rsquo;environnement, et notre miel artisanal Bee Happy, garantissant un produit pur et authentique. Conforme \u00e0 la l\u00e9gislation fran\u00e7aise (taux de THC &lt; 0,3%).<\/span><\/p>\n<\/li>\n<li class=\"ng-star-inserted\">\n<p class=\"ng-star-inserted\"><strong class=\"ng-star-inserted\"><span class=\"ng-star-inserted\">Facilit\u00e9 d&rsquo;Utilisation :<\/span><\/strong><span class=\"ng-star-inserted\">\u00a0Une mani\u00e8re simple et agr\u00e9able d&rsquo;int\u00e9grer le CBD \u00e0 votre routine bien-\u00eatre.<\/span><\/p>\n<\/li>\n<\/ul>\n<p class=\"ng-star-inserted\"><strong class=\"ng-star-inserted\"><span class=\"ng-star-inserted\">Comment le d\u00e9guster ?<\/span><\/strong><\/p>\n<ul class=\"ng-star-inserted\">\n<li class=\"ng-star-inserted\">\n<p class=\"ng-star-inserted\"><span class=\"ng-star-inserted\">Prenez une \u00e0 deux cuill\u00e8res \u00e0 caf\u00e9 par jour, pures.<\/span><\/p>\n<\/li>\n<li class=\"ng-star-inserted\">\n<p class=\"ng-star-inserted\"><span class=\"ng-star-inserted\">Ajoutez-le \u00e0 vos tisanes ti\u00e8des (ne pas surchauffer pour pr\u00e9server les qualit\u00e9s du miel et du CBD).<\/span><\/p>\n<\/li>\n<li class=\"ng-star-inserted\">\n<p class=\"ng-star-inserted\"><span class=\"ng-star-inserted\">Incorporez-le dans un yaourt ou sur une tartine.<\/span><\/p>\n<\/li>\n<\/ul>\n<p class=\"ng-star-inserted\"><span class=\"ng-star-inserted\">Offrez-vous une parenth\u00e8se de douceur et de s\u00e9r\u00e9nit\u00e9 avec cette pr\u00e9paration innovante. Le meilleur de la ruche et du chanvre, r\u00e9uni par Bee Happy pour votre bien-\u00eatre.\u00a0\u00bb<\/span><\/p>\n<p class=\"ng-star-inserted\"><strong class=\"ng-star-inserted\"><span class=\"ng-star-inserted\">Informations Compl\u00e9mentaires et Pr\u00e9cautions d&rsquo;Usage (TR\u00c8S IMPORTANT) :<\/span><\/strong><\/p>\n<ul class=\"ng-star-inserted\">\n<li class=\"ng-star-inserted\">\n<p class=\"ng-star-inserted\"><strong class=\"ng-star-inserted\"><span class=\"ng-star-inserted\">Ingr\u00e9dients :<\/span><\/strong><span class=\"ng-star-inserted\"> Miel polyfloral des Landes (97%), mac\u00e9rat de fleurs de Chanvre (Cannabis Sativa L.) biologique riche en CBD et huile de CBD (3%) <\/span><\/p>\n<\/li>\n<li class=\"ng-star-inserted\">\n<p class=\"ng-star-inserted\"><strong class=\"ng-star-inserted\"><span class=\"ng-star-inserted\">Poids Net :<\/span><\/strong><span class=\"ng-star-inserted\"> 250g<\/span><\/p>\n<\/li>\n<li class=\"ng-star-inserted\">\n<p class=\"ng-star-inserted\"><strong class=\"ng-star-inserted\"><span class=\"ng-star-inserted\">Concentration en CBD :<\/span><\/strong><span class=\"ng-star-inserted\"> 1000 mg de CBD par pot.<\/span><\/p>\n<\/li>\n<li class=\"ng-star-inserted\">\n<p class=\"ng-star-inserted\"><strong class=\"ng-star-inserted\"><span class=\"ng-star-inserted\">Origine :<\/span><\/strong><span class=\"ng-star-inserted\">\u00a0Miel de France (Landes), Chanvre biologique origine UE (ou France si c&rsquo;est le cas).<\/span><\/p>\n<\/li>\n<li class=\"ng-star-inserted\">\n<p class=\"ng-star-inserted\"><strong class=\"ng-star-inserted\"><span class=\"ng-star-inserted\">Conseils de conservation :<\/span><\/strong><span class=\"ng-star-inserted\">\u00a0\u00c0 conserver \u00e0 temp\u00e9rature ambiante, \u00e0 l&rsquo;abri de la lumi\u00e8re et de l&rsquo;humidit\u00e9.<\/span><\/p>\n<\/li>\n<li class=\"ng-star-inserted\">\n<p class=\"ng-star-inserted\"><strong class=\"ng-star-inserted\"><span class=\"ng-star-inserted\">Pr\u00e9cautions d&#8217;emploi :<\/span><\/strong><\/p>\n<ul class=\"ng-star-inserted\">\n<li class=\"ng-star-inserted\">\n<p class=\"ng-star-inserted\"><span class=\"ng-star-inserted\">Ce produit n&rsquo;est pas un m\u00e9dicament et ne peut se substituer \u00e0 un traitement m\u00e9dical.<\/span><\/p>\n<\/li>\n<li class=\"ng-star-inserted\">\n<p class=\"ng-star-inserted\"><span class=\"ng-star-inserted\">D\u00e9conseill\u00e9 aux femmes enceintes ou allaitantes et aux enfants.<\/span><\/p>\n<\/li>\n<li class=\"ng-star-inserted\">\n<p class=\"ng-star-inserted\"><span class=\"ng-star-inserted\">Si vous suivez un traitement m\u00e9dical, consultez votre m\u00e9decin avant toute consommation de produits contenant du CBD.<\/span><\/p>\n<\/li>\n<li class=\"ng-star-inserted\">\n<p class=\"ng-star-inserted\"><span class=\"ng-star-inserted\">Ne pas d\u00e9passer la dose journali\u00e8re recommand\u00e9e.<\/span><\/p>\n<\/li>\n<li class=\"ng-star-inserted\">\n<p class=\"ng-star-inserted\"><span class=\"ng-star-inserted\">Tenir hors de port\u00e9e des enfants.<\/span><\/p>\n<\/li>\n<li class=\"ng-star-inserted\">\n<p class=\"ng-star-inserted\"><span class=\"ng-star-inserted\">Ce produit contient du CBD et est conforme \u00e0 la l\u00e9gislation fran\u00e7aise avec un taux de THC inf\u00e9rieur \u00e0 0,3%.<\/span><\/p>\n<\/li>\n<\/ul>\n<\/li>\n<\/ul>\n<div id=\"_tcx-7kdtcgtz7c6\" class=\"_tc_offscreeneded\"><\/div>\n","protected":false},"excerpt":{"rendered":"<p class=\"ng-star-inserted\">D\u00e9couvrez l&rsquo;alliance unique de notre miel artisanal des Landes et des fleurs de Chanvre (Cannabis Sativa L.) riches en CBD biologique et sans THC. Une pr\u00e9paration gourmande con\u00e7ue pour vous offrir un moment de d\u00e9tente et de bien-\u00eatre naturel. Savourez la douceur et la s\u00e9r\u00e9nit\u00e9.<\/p>\n","protected":false},"featured_media":2886,"comment_status":"closed","ping_status":"closed","template":"","meta":{"_gspb_post_css":""},"product_brand":[179],"product_cat":[147],"product_tag":[208,211,212,210,207,205,213,214,206,209],"class_list":{"0":"post-2885","1":"product","2":"type-product","3":"status-publish","4":"has-post-thumbnail","6":"product_brand-bee-happy","7":"product_cat-miels","8":"product_tag-anxiete","9":"product_tag-cannabis","10":"product_tag-cbd","11":"product_tag-chanvre","12":"product_tag-detente","13":"product_tag-douceur","14":"product_tag-endocannabinoide","15":"product_tag-musculaire","16":"product_tag-relaxant","17":"product_tag-stress","18":"pa_potmiel-250g","19":"pa_potmiel-500g","21":"first","22":"instock","23":"taxable","24":"shipping-taxable","25":"purchasable","26":"product-type-simple"},"_links":{"self":[{"href":"https:\/\/www.bee-happy.net\/miel\/wp-json\/wp\/v2\/product\/2885","targetHints":{"allow":["GET"]}}],"collection":[{"href":"https:\/\/www.bee-happy.net\/miel\/wp-json\/wp\/v2\/product"}],"about":[{"href":"https:\/\/www.bee-happy.net\/miel\/wp-json\/wp\/v2\/types\/product"}],"replies":[{"embeddable":true,"href":"https:\/\/www.bee-happy.net\/miel\/wp-json\/wp\/v2\/comments?post=2885"}],"wp:featuredmedia":[{"embeddable":true,"href":"https:\/\/www.bee-happy.net\/miel\/wp-json\/wp\/v2\/media\/2886"}],"wp:attachment":[{"href":"https:\/\/www.bee-happy.net\/miel\/wp-json\/wp\/v2\/media?parent=2885"}],"wp:term":[{"taxonomy":"product_brand","embeddable":true,"href":"https:\/\/www.bee-happy.net\/miel\/wp-json\/wp\/v2\/product_brand?post=2885"},{"taxonomy":"product_cat","embeddable":true,"href":"https:\/\/www.bee-happy.net\/miel\/wp-json\/wp\/v2\/product_cat?post=2885"},{"taxonomy":"product_tag","embeddable":true,"href":"https:\/\/www.bee-happy.net\/miel\/wp-json\/wp\/v2\/product_tag?post=2885"}],"curies":[{"name":"wp","href":"https:\/\/api.w.org\/{rel}","templated":true}]}}