{"id":3008,"date":"2026-04-03T17:37:07","date_gmt":"2026-04-03T15:37:07","guid":{"rendered":"https:\/\/www.bee-happy.net\/miel\/?post_type=product&#038;p=3008"},"modified":"2026-04-03T17:45:47","modified_gmt":"2026-04-03T15:45:47","slug":"miel-ortie-ecorces-oranges","status":"publish","type":"product","link":"https:\/\/www.bee-happy.net\/miel\/produit\/miel-ortie-ecorces-oranges\/","title":{"rendered":"Miel Ortie \u00c9corces d&rsquo;Oranges"},"content":{"rendered":"<h1 class=\"ng-star-inserted\">Vitalit\u00e9 Verte : Miel des Landes, Ortie et \u00c9corces d&rsquo;Oranges<\/h1>\n<p class=\"ng-star-inserted\"><span class=\"ng-star-inserted\">Red\u00e9couvrez les tr\u00e9sors oubli\u00e9s de la nature avec notre pr\u00e9paration\u00a0<\/span><strong class=\"ng-star-inserted\"><span class=\"ng-star-inserted\">Vitalit\u00e9 Verte<\/span><\/strong><span class=\"ng-star-inserted\">, une cr\u00e9ation Bee Happy audacieuse et pleine de bienfaits.<\/span><\/p>\n<p class=\"ng-star-inserted\"><span class=\"ng-star-inserted\">Souvent mal aim\u00e9e, l&rsquo;<\/span><strong class=\"ng-star-inserted\"><span class=\"ng-star-inserted\">ortie<\/span><\/strong><span class=\"ng-star-inserted\">\u00a0est pourtant une plante d&rsquo;une richesse nutritionnelle exceptionnelle. Nous l&rsquo;avons associ\u00e9e \u00e0 la vivacit\u00e9 des\u00a0<\/span><strong class=\"ng-star-inserted\"><span class=\"ng-star-inserted\">\u00e9corces d&rsquo;oranges confites<\/span><\/strong><span class=\"ng-star-inserted\">\u00a0et \u00e0 la douceur de notre miel des Landes pour cr\u00e9er un m\u00e9lange surprenant et d\u00e9licieux. Le go\u00fbt vert et min\u00e9ral de l&rsquo;ortie est \u00e9quilibr\u00e9 par la note fruit\u00e9e et l\u00e9g\u00e8rement am\u00e8re de l&rsquo;orange, le tout li\u00e9 par la rondeur du miel.<\/span><\/p>\n<p class=\"ng-star-inserted\"><strong class=\"ng-star-inserted\"><span class=\"ng-star-inserted\">Les bienfaits de notre Vitalit\u00e9 Verte :<\/span><\/strong><\/p>\n<ul class=\"ng-star-inserted\">\n<li class=\"ng-star-inserted\">\n<p class=\"ng-star-inserted\"><strong class=\"ng-star-inserted\"><span class=\"ng-star-inserted\">Remin\u00e9ralisant et Revitalisant :<\/span><\/strong><span class=\"ng-star-inserted\">\u00a0L&rsquo;ortie est une v\u00e9ritable \u00ab\u00a0super-plante\u00a0\u00bb locale, tr\u00e8s riche en min\u00e9raux (fer, silice, calcium, potassium) et en vitamines. Elle est id\u00e9ale pour lutter contre la fatigue et remin\u00e9raliser l&rsquo;organisme.<\/span><\/p>\n<\/li>\n<li class=\"ng-star-inserted\">\n<p class=\"ng-star-inserted\"><strong class=\"ng-star-inserted\"><span class=\"ng-star-inserted\">Un Go\u00fbt Unique :<\/span><\/strong><span class=\"ng-star-inserted\">\u00a0Une saveur complexe, \u00e0 la fois v\u00e9g\u00e9tale, fruit\u00e9e et sucr\u00e9e, pour ceux qui aiment sortir des sentiers battus.<\/span><\/p>\n<\/li>\n<li class=\"ng-star-inserted\">\n<p class=\"ng-star-inserted\"><strong class=\"ng-star-inserted\"><span class=\"ng-star-inserted\">Tonus et Fra\u00eecheur :<\/span><\/strong><span class=\"ng-star-inserted\">\u00a0L&rsquo;\u00e9corce d&rsquo;orange apporte du peps et de la vitamine C, pour un effet \u00ab\u00a0coup de fouet\u00a0\u00bb imm\u00e9diat.<\/span><\/p>\n<\/li>\n<li class=\"ng-star-inserted\">\n<p class=\"ng-star-inserted\"><strong class=\"ng-star-inserted\"><span class=\"ng-star-inserted\">D\u00e9toxifiant Naturel :<\/span><\/strong><span class=\"ng-star-inserted\">\u00a0L&rsquo;ortie est \u00e9galement reconnue pour ses propri\u00e9t\u00e9s d\u00e9puratives, aidant l&rsquo;organisme \u00e0 \u00e9liminer les toxines.<\/span><\/p>\n<\/li>\n<\/ul>\n<p class=\"ng-star-inserted\"><strong class=\"ng-star-inserted\"><span class=\"ng-star-inserted\">Nos Suggestions Gourmandes :<\/span><\/strong><br class=\"ng-star-inserted\" \/><span class=\"ng-star-inserted\">\u00c9tonnant dans une tisane pour une cure d\u00e9tox. Int\u00e9ressant pour sucrer un fromage blanc ou un muesli. Peut aussi \u00eatre utilis\u00e9 dans une vinaigrette originale pour une salade de carottes ou d&rsquo;endives.<\/span><\/p>\n<hr class=\"ng-star-inserted\" \/>\n<p>&nbsp;<\/p>\n<p class=\"ng-star-inserted\"><strong class=\"ng-star-inserted\"><span class=\"ng-star-inserted\">Informations Compl\u00e9mentaires :<\/span><\/strong><\/p>\n<ul class=\"ng-star-inserted\">\n<li class=\"ng-star-inserted\">\n<p class=\"ng-star-inserted\"><strong class=\"ng-star-inserted\"><span class=\"ng-star-inserted\">Ingr\u00e9dients :<\/span><\/strong><span class=\"ng-star-inserted\"> Miel polyfloral des Landes (95%), Feuilles d&rsquo;Ortie (2%), \u00c9corces d&rsquo;Orange (2%).\u00a0<\/span><\/p>\n<\/li>\n<li class=\"ng-star-inserted\">\n<p class=\"ng-star-inserted\"><strong class=\"ng-star-inserted\"><span class=\"ng-star-inserted\">Poids Net :<\/span><\/strong><span class=\"ng-star-inserted\"> (250g)<\/span><\/p>\n<\/li>\n<li class=\"ng-star-inserted\">\n<p class=\"ng-star-inserted\"><strong class=\"ng-star-inserted\"><span class=\"ng-star-inserted\">Conseils de conservation :<\/span><\/strong><span class=\"ng-star-inserted\"> \u00c0 conserver dans un endroit frais et sec.<\/span><\/p>\n<\/li>\n<li class=\"ng-star-inserted\">\n<p class=\"ng-star-inserted\"><strong class=\"ng-star-inserted\"><span class=\"ng-star-inserted\">Origine :<\/span><\/strong><span class=\"ng-star-inserted\"> Miel de France (Landes). Feuilles d&rsquo;Ortie du Jardin Apicole.<\/span><\/p>\n<\/li>\n<\/ul>\n<div id=\"_tcx-7kdtcgtz7c6\" class=\"_tc_offscreeneded\"><\/div>\n","protected":false},"excerpt":{"rendered":"<p class=\"ng-star-inserted\">Osez l&rsquo;inattendu avec ce m\u00e9lange revitalisant ! La richesse min\u00e9rale de l&rsquo;ortie et le peps des \u00e9corces d&rsquo;oranges confites s&rsquo;unissent dans notre miel pour une pr\u00e9paration pleine de tonus et de saveurs.<\/p>\n","protected":false},"featured_media":3009,"comment_status":"closed","ping_status":"closed","template":"","meta":{"_gspb_post_css":""},"product_brand":[179],"product_cat":[147],"product_tag":[240,221,243,242,239,238,241],"class_list":{"0":"post-3008","1":"product","2":"type-product","3":"status-publish","4":"has-post-thumbnail","6":"product_brand-bee-happy","7":"product_cat-miels","8":"product_tag-force","9":"product_tag-mineraux","10":"product_tag-orange","11":"product_tag-ortie","12":"product_tag-remineralisant","13":"product_tag-revitalisant","14":"product_tag-vitalite","15":"pa_potmiel-250g","17":"first","18":"instock","19":"taxable","20":"shipping-taxable","21":"purchasable","22":"product-type-simple"},"_links":{"self":[{"href":"https:\/\/www.bee-happy.net\/miel\/wp-json\/wp\/v2\/product\/3008","targetHints":{"allow":["GET"]}}],"collection":[{"href":"https:\/\/www.bee-happy.net\/miel\/wp-json\/wp\/v2\/product"}],"about":[{"href":"https:\/\/www.bee-happy.net\/miel\/wp-json\/wp\/v2\/types\/product"}],"replies":[{"embeddable":true,"href":"https:\/\/www.bee-happy.net\/miel\/wp-json\/wp\/v2\/comments?post=3008"}],"wp:featuredmedia":[{"embeddable":true,"href":"https:\/\/www.bee-happy.net\/miel\/wp-json\/wp\/v2\/media\/3009"}],"wp:attachment":[{"href":"https:\/\/www.bee-happy.net\/miel\/wp-json\/wp\/v2\/media?parent=3008"}],"wp:term":[{"taxonomy":"product_brand","embeddable":true,"href":"https:\/\/www.bee-happy.net\/miel\/wp-json\/wp\/v2\/product_brand?post=3008"},{"taxonomy":"product_cat","embeddable":true,"href":"https:\/\/www.bee-happy.net\/miel\/wp-json\/wp\/v2\/product_cat?post=3008"},{"taxonomy":"product_tag","embeddable":true,"href":"https:\/\/www.bee-happy.net\/miel\/wp-json\/wp\/v2\/product_tag?post=3008"}],"curies":[{"name":"wp","href":"https:\/\/api.w.org\/{rel}","templated":true}]}}